{"id":2,"date":"2024-03-02T15:42:10","date_gmt":"2024-03-02T15:42:10","guid":{"rendered":"https:\/\/khanhl.ink\/?page_id=2"},"modified":"2024-05-01T14:44:20","modified_gmt":"2024-05-01T14:44:20","slug":"sample-page","status":"publish","type":"page","link":"https:\/\/khanhl.ink\/index.php\/sample-page\/","title":{"rendered":"About Lin"},"content":{"rendered":"\n<p>Xin ch\u00e0o c\u00e1c b\u1ea1n! M\u00ecnh l\u00e0 Lin.<\/p>\n\n\n\n<p>\u0110\u1ec3 t\u1ef1 gi\u1edbi thi\u1ec7u b\u1ea3n th\u00e2n m\u00ecnh th\u1ea5y \u0111\u1ec3 ch\u1ee9c danh n\u00e0o c\u0169ng v\u1eeba thi\u1ebfu l\u1ea1i v\u1eeba th\u1eeba.<\/p>\n\n\n\n<blockquote class=\"wp-block-quote is-layout-flow wp-block-quote-is-layout-flow\">\n<p>So let&#8217;s just say I am a free spirit experiencing life as it is.<\/p>\n\n\n\n<p>M\u1ed9t t\u00e2m h\u1ed3n t\u1ef1 do \u0111ang tr\u1ea3i nghi\u1ec7m cu\u1ed9c s\u1ed1ng nh\u01b0 n\u00f3 v\u1ed1n l\u00e0.<\/p>\n<\/blockquote>\n\n\n\n<p>V\u00ec v\u1eady c\u00e1c ch\u1ee7 \u0111\u1ec1 m\u00ecnh vi\u1ebft s\u1ebd \u0111\u1ec1u t\u1eeb c\u00e1c tr\u1ea3i nghi\u1ec7m c\u00e1 nh\u00e2n c\u1ee7a m\u00ecnh, c\u00f3 th\u1ec3 kh\u00f4ng qu\u00e1 \u0111a d\u1ea1ng, c\u00f3 th\u1ec3 kh\u00f4ng h\u00e0o nho\u00e1ng, nh\u01b0ng s\u1ebd lu\u00f4n ch\u00e2n th\u1eadt nh\u1ea5t. V\u1ec1 chuy\u1ec7n h\u1ecdc, chuy\u1ec7n y\u00eau, chuy\u1ec7n t\u00e2m linh, v\u0169 tr\u1ee5,&#8230;<\/p>\n\n\n\n<p>Hope you find it enjoyable!<\/p>\n\n\n<div class=\"wp-block-image is-style-default\">\n<figure class=\"aligncenter size-large is-resized\"><img loading=\"lazy\" decoding=\"async\" width=\"768\" height=\"1024\" src=\"https:\/\/khanhl.ink\/wp-content\/uploads\/2024\/05\/z5395897023233_732d9a72fe2e98b45c4fac03faed41fb-768x1024.jpg\" alt=\"\" class=\"wp-image-1042\" style=\"width:635px;height:auto\" srcset=\"https:\/\/khanhl.ink\/wp-content\/uploads\/2024\/05\/z5395897023233_732d9a72fe2e98b45c4fac03faed41fb-768x1024.jpg 768w, https:\/\/khanhl.ink\/wp-content\/uploads\/2024\/05\/z5395897023233_732d9a72fe2e98b45c4fac03faed41fb-225x300.jpg 225w, https:\/\/khanhl.ink\/wp-content\/uploads\/2024\/05\/z5395897023233_732d9a72fe2e98b45c4fac03faed41fb.jpg 960w\" sizes=\"auto, (max-width: 768px) 100vw, 768px\" \/><\/figure>\n<\/div>\n\n\n<pre class=\"wp-block-verse\">A thank you note<br><br>Thank you Mai for constantly reminding me about who I really am and inspiring me to be a better one (sometimes in the hard way) but I know you love me anyway :''&gt;<br><br>Thank you to someone who created this blog for me, I have never known I love sharing stories and creating my own aesthetic this much.<br><br>A special thanks to my family for always being there for me, through ups and downs. It means the world to me.<\/pre>\n\n\n\n<p><em>Yours truly<\/em>,<\/p>\n\n\n\n<p><em>Lin<\/em><\/p>\n\n\n\n<p><\/p>\n\n\n\n<p><\/p>\n","protected":false},"excerpt":{"rendered":"<p>Xin ch\u00e0o c\u00e1c b\u1ea1n! M\u00ecnh l\u00e0 Lin. \u0110\u1ec3 t\u1ef1 gi\u1edbi thi\u1ec7u b\u1ea3n th\u00e2n m\u00ecnh th\u1ea5y \u0111\u1ec3 ch\u1ee9c danh n\u00e0o c\u0169ng v\u1eeba thi\u1ebfu l\u1ea1i v\u1eeba th\u1eeba. So let&#8217;s just say I am a free spirit experiencing life as it is. M\u1ed9t t\u00e2m h\u1ed3n t\u1ef1 do \u0111ang tr\u1ea3i nghi\u1ec7m cu\u1ed9c s\u1ed1ng nh\u01b0 n\u00f3 v\u1ed1n l\u00e0. V\u00ec v\u1eady c\u00e1c ch\u1ee7 \u0111\u1ec1 m\u00ecnh vi\u1ebft s\u1ebd \u0111\u1ec1u t\u1eeb c\u00e1c tr\u1ea3i nghi\u1ec7m c\u00e1 nh\u00e2n c\u1ee7a m\u00ecnh, c\u00f3 th\u1ec3 kh\u00f4ng qu\u00e1 \u0111a d\u1ea1ng, c\u00f3 th\u1ec3 kh\u00f4ng h\u00e0o nho\u00e1ng, nh\u01b0ng s\u1ebd lu\u00f4n ch\u00e2n th\u1eadt nh\u1ea5t. V\u1ec1 chuy\u1ec7n h\u1ecdc, chuy\u1ec7n y\u00eau, chuy\u1ec7n t\u00e2m linh, v\u0169 tr\u1ee5,&#8230; Hope you find it enjoyable! A thank you noteThank you Mai for constantly reminding me about who I really am and inspiring me to be a better one (sometimes in the hard way) but I know you love me anyway :&#8221;&gt;Thank you to someone who created this blog for me, I have never known I love sharing stories and creating my own aesthetic this much.A special thanks to my family for always being there for me, through ups and downs. It means the world to me. Yours truly, Lin<\/p>\n","protected":false},"author":1,"featured_media":0,"parent":0,"menu_order":0,"comment_status":"closed","ping_status":"open","template":"","meta":{"footnotes":""},"class_list":["post-2","page","type-page","status-publish","hentry"],"_links":{"self":[{"href":"https:\/\/khanhl.ink\/index.php\/wp-json\/wp\/v2\/pages\/2","targetHints":{"allow":["GET"]}}],"collection":[{"href":"https:\/\/khanhl.ink\/index.php\/wp-json\/wp\/v2\/pages"}],"about":[{"href":"https:\/\/khanhl.ink\/index.php\/wp-json\/wp\/v2\/types\/page"}],"author":[{"embeddable":true,"href":"https:\/\/khanhl.ink\/index.php\/wp-json\/wp\/v2\/users\/1"}],"replies":[{"embeddable":true,"href":"https:\/\/khanhl.ink\/index.php\/wp-json\/wp\/v2\/comments?post=2"}],"version-history":[{"count":16,"href":"https:\/\/khanhl.ink\/index.php\/wp-json\/wp\/v2\/pages\/2\/revisions"}],"predecessor-version":[{"id":1085,"href":"https:\/\/khanhl.ink\/index.php\/wp-json\/wp\/v2\/pages\/2\/revisions\/1085"}],"wp:attachment":[{"href":"https:\/\/khanhl.ink\/index.php\/wp-json\/wp\/v2\/media?parent=2"}],"curies":[{"name":"wp","href":"https:\/\/api.w.org\/{rel}","templated":true}]}}